{"id":73,"date":"2023-05-18T11:21:34","date_gmt":"2023-05-18T11:21:34","guid":{"rendered":"https:\/\/cbr.grad.hr\/?page_id=73"},"modified":"2023-09-27T10:57:21","modified_gmt":"2023-09-27T10:57:21","slug":"73-2","status":"publish","type":"page","link":"https:\/\/cbr.grad.hr\/hr\/","title":{"rendered":"Homepage website"},"content":{"rendered":"<div class=\"wp-block-group has-background-background-color has-background is-layout-flow wp-container-core-group-is-layout-7831a22c wp-block-group-is-layout-flow\" style=\"border-style:none;border-width:0px;border-radius:40px;margin-top:var(--wp--preset--spacing--40);margin-bottom:var(--wp--preset--spacing--40);padding-top:var(--wp--preset--spacing--40);padding-right:var(--wp--preset--spacing--40);padding-bottom:var(--wp--preset--spacing--40);padding-left:var(--wp--preset--spacing--40)\">\n<p class=\"has-text-align-center has-futura-bold-font-family has-x-large-font-size\">Ciljevi projekta<\/p>\n\n\n\n<div style=\"height:10px\" aria-hidden=\"true\" class=\"wp-block-spacer\"><\/div>\n\n\n\n<div class=\"wp-block-group is-layout-constrained wp-container-core-group-is-layout-0a46aeff wp-block-group-is-layout-constrained\" style=\"border-style:none;border-width:0px\">\n<div class=\"wp-block-columns alignwide are-vertically-aligned-center is-layout-flex wp-container-core-columns-is-layout-28f84493 wp-block-columns-is-layout-flex\">\n<div class=\"wp-block-column is-vertically-aligned-center is-layout-flow wp-block-column-is-layout-flow\">\n<figure class=\"wp-block-image aligncenter size-full\"><img decoding=\"async\" width=\"700\" height=\"480\" src=\"https:\/\/cbr.grad.hr\/wp-content\/uploads\/2023\/06\/PODLOGA-04_small.png\" alt=\"\" class=\"wp-image-206\" srcset=\"https:\/\/cbr.grad.hr\/wp-content\/uploads\/2023\/06\/PODLOGA-04_small.png 700w, https:\/\/cbr.grad.hr\/wp-content\/uploads\/2023\/06\/PODLOGA-04_small-300x206.png 300w\" sizes=\"(max-width: 700px) 100vw, 700px\" \/><\/figure>\n<\/div>\n\n\n\n<div class=\"wp-block-column is-vertically-aligned-center is-layout-flow wp-block-column-is-layout-flow\">\n<p class=\"has-text-align-center\">Cilj projekta je razvoj i razmjena dobrih praksi u podru\u010dju oporavka brownfield podru\u010dja s posebnim osloncem na ekosustavna rje\u0161enja. Ovakav pristup omogu\u0107uje o\u010duvanje morskih podru\u010dja kao i potencijal za zeleni i odr\u017eivi turizam na revitaliziranim podru\u010djima. Uklju\u010duju\u0107i mjesnu samoupravu u Hrvatskoj, cilj je osna\u017eiti lokalnu vlast te im pove\u0107ati kapacitet za suradnju sa stru\u010dnjacima, te smanjiti ekolo\u0161ku, ekonomsku i dru\u0161tvenu neujedna\u010denost u podru\u010dju Europe.<\/p>\n<\/div>\n<\/div>\n<\/div>\n<\/div>\n\n\n\n<div class=\"wp-block-group has-background-background-color has-background is-layout-flow wp-container-core-group-is-layout-ec98ed80 wp-block-group-is-layout-flow\" style=\"border-style:none;border-width:0px;border-radius:40px;margin-top:0;margin-bottom:0;padding-top:var(--wp--preset--spacing--40);padding-right:var(--wp--preset--spacing--40);padding-bottom:var(--wp--preset--spacing--40);padding-left:var(--wp--preset--spacing--40)\">\n<p class=\"has-text-align-center has-futura-bold-font-family has-x-large-font-size\">Aktivnosti<\/p>\n\n\n\n<div style=\"height:20px\" aria-hidden=\"true\" class=\"wp-block-spacer\"><\/div>\n\n\n\n<div class=\"wp-block-group is-layout-constrained wp-container-core-group-is-layout-0a46aeff wp-block-group-is-layout-constrained\" style=\"border-style:none;border-width:0px\">\n<div class=\"wp-block-columns alignwide is-layout-flex wp-container-core-columns-is-layout-28f84493 wp-block-columns-is-layout-flex\">\n<div class=\"wp-block-column is-vertically-aligned-center is-layout-flow wp-block-column-is-layout-flow\">\n<p class=\"has-text-align-center\">Projekt predvi\u0111a aktivnosti zajedni\u010dkih sastanaka, tehni\u010dkih posjeta i radionica za razmjenu iskustava s ciljem ja\u010danja kapaciteta hrvatskih stru\u010dnjaka i dionika u podru\u010dju obnove brownfield podru\u010dja:<\/p>\n<\/div>\n\n\n\n<div class=\"wp-block-column is-vertically-aligned-center is-layout-flow wp-block-column-is-layout-flow\">\n<figure class=\"wp-block-image aligncenter size-full\"><img decoding=\"async\" width=\"700\" height=\"480\" src=\"https:\/\/cbr.grad.hr\/wp-content\/uploads\/2023\/06\/PODLOGA-03_small.png\" alt=\"\" class=\"wp-image-205\" srcset=\"https:\/\/cbr.grad.hr\/wp-content\/uploads\/2023\/06\/PODLOGA-03_small.png 700w, https:\/\/cbr.grad.hr\/wp-content\/uploads\/2023\/06\/PODLOGA-03_small-300x206.png 300w\" sizes=\"(max-width: 700px) 100vw, 700px\" \/><\/figure>\n<\/div>\n\n\n\n<div class=\"wp-block-column is-vertically-aligned-center is-layout-flow wp-block-column-is-layout-flow\">\n<ul class=\"wp-block-list\">\n<li style=\"text-transform:capitalize\">ANALIZA I SA\u017dETAK NACIONALNE LEGISLATIVE, PREPORUKA I PRAKSI<\/li>\n\n\n\n<li>TEHNI\u010cKI POSJET PROSTORU BIV\u0160EG INDUSTRIJSKOG KOMPLEKSA U NOTODDENU<\/li>\n\n\n\n<li>TEHNI\u010cKI POSJET PROSTORU BIV\u0160EG POSTROJENJA TVORNICE FEROLEGURA U DUGOM RATU<\/li>\n\n\n\n<li>TEHNI\u010cKI POSJET PODUZE\u0106U ZA OBRADU ONE\u010cI\u0160\u0106ENOG TLA NOAH (NORVE\u0160KA)<\/li>\n\n\n\n<li>EDUKATIVNA RADIONICA NA TEMU OBNOVE BROWNFIELD PODRU\u010cJA DUGI RAT<\/li>\n\n\n\n<li>KONA\u010cNI IZJVE\u0160TAJ \u2013 PLAN REMEDIJACIJE BROWNFIELD PODRU\u010cJA<\/li>\n<\/ul>\n<\/div>\n<\/div>\n<\/div>\n<\/div>\n\n\n\n<div class=\"wp-block-group has-background-background-color has-background is-layout-flow wp-container-core-group-is-layout-7831a22c wp-block-group-is-layout-flow\" style=\"border-style:none;border-width:0px;border-radius:40px;margin-top:var(--wp--preset--spacing--40);margin-bottom:var(--wp--preset--spacing--40);padding-top:var(--wp--preset--spacing--40);padding-right:var(--wp--preset--spacing--40);padding-bottom:var(--wp--preset--spacing--40);padding-left:var(--wp--preset--spacing--40)\">\n<p class=\"has-text-align-center has-futura-bold-font-family has-x-large-font-size\">Projektni tim<\/p>\n\n\n\n<div style=\"height:20px\" aria-hidden=\"true\" class=\"wp-block-spacer\"><\/div>\n\n\n\n<div class=\"wp-block-group is-layout-constrained wp-container-core-group-is-layout-0a46aeff wp-block-group-is-layout-constrained\" style=\"border-style:none;border-width:0px\">\n<div class=\"wp-block-columns is-layout-flex wp-container-core-columns-is-layout-28f84493 wp-block-columns-is-layout-flex\">\n<div class=\"wp-block-column is-vertically-aligned-center is-layout-flow wp-block-column-is-layout-flow\" style=\"flex-basis:60%\">\n<div class=\"wp-block-group is-content-justification-center is-layout-flex wp-container-core-group-is-layout-b02886af wp-block-group-is-layout-flex\">\n<p class=\"has-text-align-center\"><strong>dr. sc. Dalibor Carevi\u0107<\/strong><\/p>\n\n\n\n<p class=\"has-text-align-center\">Gra\u0111evinski fakultet Sveu\u010dili\u0161ta u Zagrebu<\/p>\n<\/div>\n\n\n\n<div class=\"wp-block-group is-content-justification-center is-layout-flex wp-container-core-group-is-layout-b02886af wp-block-group-is-layout-flex\">\n<p class=\"has-text-align-center\"><strong>dr. sc. Lasse Berntzen<\/strong><\/p>\n\n\n\n<p class=\"has-text-align-center\">University of South-Eastern Norway<\/p>\n<\/div>\n\n\n\n<div class=\"wp-block-group is-content-justification-center is-layout-flex wp-container-core-group-is-layout-b02886af wp-block-group-is-layout-flex\">\n<p class=\"has-text-align-center\"><strong>dr. sc. Marijana Serdar<\/strong><\/p>\n\n\n\n<p class=\"has-text-align-center\">Gra\u0111evinski fakultet Sveu\u010dili\u0161ta u Zagrebu<\/p>\n<\/div>\n\n\n\n<div class=\"wp-block-group is-content-justification-center is-layout-flex wp-container-core-group-is-layout-b02886af wp-block-group-is-layout-flex\">\n<p class=\"has-text-align-center\"><strong>dr. sc. Ivana Carevi\u0107<\/strong><\/p>\n\n\n\n<p class=\"has-text-align-center\">Gra\u0111evinski fakultet Sveu\u010dili\u0161ta u Zagrebu<\/p>\n<\/div>\n\n\n\n<div class=\"wp-block-group is-content-justification-center is-layout-flex wp-container-core-group-is-layout-b02886af wp-block-group-is-layout-flex\">\n<p class=\"has-text-align-center\"><strong>dr. sc. Kristina Pikelj<\/strong><\/p>\n\n\n\n<p class=\"has-text-align-center\">Prirodoslovno-matemati\u010dki fakultet Sveu\u010dili\u0161ta u Zagrebu<\/p>\n<\/div>\n\n\n\n<div class=\"wp-block-group is-content-justification-center is-layout-flex wp-container-core-group-is-layout-b02886af wp-block-group-is-layout-flex\">\n<p class=\"has-text-align-center\"><strong>Ana Be\u0161ker mag. soc.<\/strong><\/p>\n\n\n\n<p class=\"has-text-align-center\">Gra\u0111evinski fakultet Sveu\u010dili\u0161ta u Zagrebu<\/p>\n<\/div>\n\n\n\n<div class=\"wp-block-group is-content-justification-center is-layout-flex wp-container-core-group-is-layout-b02886af wp-block-group-is-layout-flex\">\n<p class=\"has-text-align-center\"><strong>Hajdi Biuk mag. iur.<\/strong><\/p>\n\n\n\n<p class=\"has-text-align-center\">Udruga za prirodu, okoli\u0161 i odr\u017eivi razvoj Sunce<\/p>\n<\/div>\n\n\n\n<div class=\"wp-block-group is-content-justification-center is-layout-flex wp-container-core-group-is-layout-b02886af wp-block-group-is-layout-flex\">\n<p class=\"has-text-align-center\"><strong>Ton\u010di Bauk dipl. ing.<\/strong><\/p>\n\n\n\n<p class=\"has-text-align-center\">Op\u0107ina Dugi Rat<\/p>\n<\/div>\n<\/div>\n\n\n\n<div class=\"wp-block-column is-layout-flow wp-block-column-is-layout-flow\" style=\"flex-basis:40%\">\n<figure class=\"wp-block-image size-full\"><img decoding=\"async\" width=\"700\" height=\"480\" src=\"https:\/\/cbr.grad.hr\/wp-content\/uploads\/2023\/06\/PODLOGA-01_small.png\" alt=\"\" class=\"wp-image-203\" srcset=\"https:\/\/cbr.grad.hr\/wp-content\/uploads\/2023\/06\/PODLOGA-01_small.png 700w, https:\/\/cbr.grad.hr\/wp-content\/uploads\/2023\/06\/PODLOGA-01_small-300x206.png 300w\" sizes=\"(max-width: 700px) 100vw, 700px\" \/><\/figure>\n<\/div>\n<\/div>\n<\/div>\n<\/div>\n\n\n\n<div class=\"wp-block-group has-white-background-color has-background is-horizontal is-nowrap is-layout-flex wp-container-core-group-is-layout-fa5e99ed wp-block-group-is-layout-flex\" style=\"border-radius:40px\">\n<figure class=\"wp-block-image size-full is-resized\"><img decoding=\"async\" src=\"https:\/\/cbr.grad.hr\/wp-content\/uploads\/2023\/05\/UNIZG_GF-1.png\" alt=\"\" class=\"wp-image-61\" style=\"aspect-ratio:1;object-fit:contain;width:300px\" width=\"300\" srcset=\"https:\/\/cbr.grad.hr\/wp-content\/uploads\/2023\/05\/UNIZG_GF-1.png 600w, https:\/\/cbr.grad.hr\/wp-content\/uploads\/2023\/05\/UNIZG_GF-1-300x300.png 300w, https:\/\/cbr.grad.hr\/wp-content\/uploads\/2023\/05\/UNIZG_GF-1-150x150.png 150w\" sizes=\"(max-width: 600px) 100vw, 600px\" \/><\/figure>\n\n\n\n<figure class=\"wp-block-image size-full is-resized\"><img decoding=\"async\" src=\"https:\/\/cbr.grad.hr\/wp-content\/uploads\/2023\/05\/USN_logo.png\" alt=\"\" class=\"wp-image-63\" style=\"aspect-ratio:1;object-fit:contain;width:300px\" width=\"300\" srcset=\"https:\/\/cbr.grad.hr\/wp-content\/uploads\/2023\/05\/USN_logo.png 600w, https:\/\/cbr.grad.hr\/wp-content\/uploads\/2023\/05\/USN_logo-300x300.png 300w, https:\/\/cbr.grad.hr\/wp-content\/uploads\/2023\/05\/USN_logo-150x150.png 150w\" sizes=\"(max-width: 600px) 100vw, 600px\" \/><\/figure>\n\n\n\n<figure class=\"wp-block-image size-full is-resized\"><img decoding=\"async\" src=\"https:\/\/cbr.grad.hr\/wp-content\/uploads\/2023\/05\/UNIZG_PMF.png\" alt=\"\" class=\"wp-image-62\" style=\"aspect-ratio:1;object-fit:contain;width:300px\" width=\"300\" srcset=\"https:\/\/cbr.grad.hr\/wp-content\/uploads\/2023\/05\/UNIZG_PMF.png 600w, https:\/\/cbr.grad.hr\/wp-content\/uploads\/2023\/05\/UNIZG_PMF-300x300.png 300w, https:\/\/cbr.grad.hr\/wp-content\/uploads\/2023\/05\/UNIZG_PMF-150x150.png 150w\" sizes=\"(max-width: 600px) 100vw, 600px\" \/><\/figure>\n\n\n\n<figure class=\"wp-block-image size-full is-resized\"><img decoding=\"async\" src=\"https:\/\/cbr.grad.hr\/wp-content\/uploads\/2023\/05\/sunce_logo.png\" alt=\"\" class=\"wp-image-60\" style=\"aspect-ratio:1;object-fit:contain;width:300px\" width=\"300\" srcset=\"https:\/\/cbr.grad.hr\/wp-content\/uploads\/2023\/05\/sunce_logo.png 600w, https:\/\/cbr.grad.hr\/wp-content\/uploads\/2023\/05\/sunce_logo-300x300.png 300w, https:\/\/cbr.grad.hr\/wp-content\/uploads\/2023\/05\/sunce_logo-150x150.png 150w\" sizes=\"(max-width: 600px) 100vw, 600px\" \/><\/figure>\n\n\n\n<figure class=\"wp-block-image size-full is-resized\"><img decoding=\"async\" src=\"https:\/\/cbr.grad.hr\/wp-content\/uploads\/2023\/05\/ministarstvo_regionalog_logo.png\" alt=\"\" class=\"wp-image-59\" style=\"aspect-ratio:1;object-fit:contain;width:300px\" width=\"300\" srcset=\"https:\/\/cbr.grad.hr\/wp-content\/uploads\/2023\/05\/ministarstvo_regionalog_logo.png 600w, https:\/\/cbr.grad.hr\/wp-content\/uploads\/2023\/05\/ministarstvo_regionalog_logo-300x300.png 300w, https:\/\/cbr.grad.hr\/wp-content\/uploads\/2023\/05\/ministarstvo_regionalog_logo-150x150.png 150w\" sizes=\"(max-width: 600px) 100vw, 600px\" \/><\/figure>\n\n\n\n<figure class=\"wp-block-image size-full is-resized\"><img decoding=\"async\" src=\"https:\/\/cbr.grad.hr\/wp-content\/uploads\/2023\/05\/dugi_rat.png\" alt=\"\" class=\"wp-image-57\" style=\"aspect-ratio:1;object-fit:contain;width:300px\" width=\"300\" srcset=\"https:\/\/cbr.grad.hr\/wp-content\/uploads\/2023\/05\/dugi_rat.png 600w, https:\/\/cbr.grad.hr\/wp-content\/uploads\/2023\/05\/dugi_rat-300x300.png 300w, https:\/\/cbr.grad.hr\/wp-content\/uploads\/2023\/05\/dugi_rat-150x150.png 150w\" sizes=\"(max-width: 600px) 100vw, 600px\" \/><\/figure>\n<\/div>\n\n\n\n<div class=\"wp-block-group has-background-background-color has-background is-layout-flow wp-container-core-group-is-layout-32fb0357 wp-block-group-is-layout-flow\" style=\"border-style:none;border-width:0px;border-radius:40px;margin-top:var(--wp--preset--spacing--40);margin-bottom:var(--wp--preset--spacing--40);padding-top:var(--wp--preset--spacing--30);padding-right:var(--wp--preset--spacing--30);padding-bottom:var(--wp--preset--spacing--30);padding-left:var(--wp--preset--spacing--30)\">\n<div class=\"wp-block-group is-layout-constrained wp-container-core-group-is-layout-0a46aeff wp-block-group-is-layout-constrained\" style=\"border-style:none;border-width:0px\">\n<div class=\"wp-block-columns alignwide is-layout-flex wp-container-core-columns-is-layout-28f84493 wp-block-columns-is-layout-flex\">\n<div class=\"wp-block-column is-vertically-aligned-center is-layout-flow wp-block-column-is-layout-flow\" style=\"flex-basis:15%\"><\/div>\n\n\n\n<div class=\"wp-block-column is-vertically-aligned-center is-layout-flow wp-block-column-is-layout-flow\">\n<figure class=\"wp-block-image aligncenter size-full is-resized\"><img decoding=\"async\" src=\"https:\/\/cbr.grad.hr\/wp-content\/uploads\/2023\/05\/g2222.png\" alt=\"\" class=\"wp-image-17\" style=\"width:204px;height:121px\" width=\"204\" height=\"121\" srcset=\"https:\/\/cbr.grad.hr\/wp-content\/uploads\/2023\/05\/g2222.png 814w, https:\/\/cbr.grad.hr\/wp-content\/uploads\/2023\/05\/g2222-300x178.png 300w, https:\/\/cbr.grad.hr\/wp-content\/uploads\/2023\/05\/g2222-768x456.png 768w\" sizes=\"(max-width: 204px) 100vw, 204px\" \/><\/figure>\n\n\n\n<p class=\"has-text-align-center has-futura-bold-font-family\">Kontaktiraj nas!<\/p>\n<\/div>\n\n\n\n<div class=\"wp-block-column is-vertically-aligned-center is-layout-flow wp-block-column-is-layout-flow\">\n<p class=\"has-text-align-center has-futura-bold-font-family\">Dalibor Carevi\u0107<\/p>\n\n\n\n<p class=\"has-text-align-center has-futura-bold-font-family\">+385 1 4639 309<\/p>\n\n\n\n<p class=\"has-text-align-center has-futura-bold-font-family\">dalibor.carevic@grad.unizg.hr<\/p>\n<\/div>\n\n\n\n<div class=\"wp-block-column is-vertically-aligned-center is-layout-flow wp-block-column-is-layout-flow\" style=\"flex-basis:15%\"><\/div>\n<\/div>\n<\/div>\n<\/div>\n\n\n\n<div class=\"wp-block-columns alignwide are-vertically-aligned-center has-white-background-color has-background is-layout-flex wp-container-core-columns-is-layout-1252125b wp-block-columns-is-layout-flex\" style=\"border-radius:40px;margin-bottom:var(--wp--preset--spacing--40);padding-top:var(--wp--preset--spacing--30);padding-bottom:var(--wp--preset--spacing--30)\">\n<div class=\"wp-block-column is-vertically-aligned-center is-layout-flow wp-block-column-is-layout-flow\" style=\"flex-basis:20%\"><\/div>\n\n\n\n<div class=\"wp-block-column is-vertically-aligned-center is-layout-flow wp-block-column-is-layout-flow\" style=\"flex-basis:20%\">\n<figure class=\"wp-block-image size-full\"><img decoding=\"async\" width=\"600\" height=\"338\" src=\"https:\/\/cbr.grad.hr\/wp-content\/uploads\/2023\/09\/ILN_N_grants-1-edited.png\" alt=\"\" class=\"wp-image-583\" srcset=\"https:\/\/cbr.grad.hr\/wp-content\/uploads\/2023\/09\/ILN_N_grants-1-edited.png 600w, https:\/\/cbr.grad.hr\/wp-content\/uploads\/2023\/09\/ILN_N_grants-1-edited-300x169.png 300w, https:\/\/cbr.grad.hr\/wp-content\/uploads\/2023\/09\/ILN_N_grants-1-edited-18x10.png 18w\" sizes=\"(max-width: 600px) 100vw, 600px\" \/><\/figure>\n<\/div>\n\n\n\n<div class=\"wp-block-column is-vertically-aligned-center is-layout-flow wp-block-column-is-layout-flow\" style=\"flex-basis:20%\">\n<figure class=\"wp-block-image size-full\"><img decoding=\"async\" width=\"600\" height=\"338\" src=\"https:\/\/cbr.grad.hr\/wp-content\/uploads\/2023\/09\/ministarstvo_regionalog_logo-edited.png\" alt=\"\" class=\"wp-image-584\" srcset=\"https:\/\/cbr.grad.hr\/wp-content\/uploads\/2023\/09\/ministarstvo_regionalog_logo-edited.png 600w, https:\/\/cbr.grad.hr\/wp-content\/uploads\/2023\/09\/ministarstvo_regionalog_logo-edited-300x169.png 300w, https:\/\/cbr.grad.hr\/wp-content\/uploads\/2023\/09\/ministarstvo_regionalog_logo-edited-18x10.png 18w\" sizes=\"(max-width: 600px) 100vw, 600px\" \/><\/figure>\n<\/div>\n\n\n\n<div class=\"wp-block-column is-vertically-aligned-center is-layout-flow wp-block-column-is-layout-flow\" style=\"flex-basis:30%\">\n<p class=\"has-text-align-center has-black-color has-text-color\">Bilateralna inicijativa &#8220;Strategije cjelovitog oporavka obalnih  brownfield podru\u010dja (2023.-2024.)&#8221; financirana je u okviru Fonda za  bilateralne odnose EGP i Norve\u0161kog financijskog mehanizma za razdoblje  2014.-2021..<\/p>\n<\/div>\n\n\n\n<div class=\"wp-block-column is-vertically-aligned-center is-layout-flow wp-block-column-is-layout-flow\" style=\"flex-basis:10%\"><\/div>\n<\/div>","protected":false},"excerpt":{"rendered":"<p>Project goals The project aims to develop and share best practices in brownfield remediation with a particular focus on ecosystem solutions. This approach allows for the preservation of marine areas and the potential for green and sustainable tourism in revitalized areas. By involving local self-government in Croatia, the project aims to strengthen local authorities and [&hellip;]<\/p>","protected":false},"author":1,"featured_media":0,"parent":0,"menu_order":0,"comment_status":"closed","ping_status":"closed","template":"blank","meta":{"footnotes":""},"class_list":["post-73","page","type-page","status-publish","hentry"],"_links":{"self":[{"href":"https:\/\/cbr.grad.hr\/hr\/wp-json\/wp\/v2\/pages\/73","targetHints":{"allow":["GET"]}}],"collection":[{"href":"https:\/\/cbr.grad.hr\/hr\/wp-json\/wp\/v2\/pages"}],"about":[{"href":"https:\/\/cbr.grad.hr\/hr\/wp-json\/wp\/v2\/types\/page"}],"author":[{"embeddable":true,"href":"https:\/\/cbr.grad.hr\/hr\/wp-json\/wp\/v2\/users\/1"}],"replies":[{"embeddable":true,"href":"https:\/\/cbr.grad.hr\/hr\/wp-json\/wp\/v2\/comments?post=73"}],"version-history":[{"count":136,"href":"https:\/\/cbr.grad.hr\/hr\/wp-json\/wp\/v2\/pages\/73\/revisions"}],"predecessor-version":[{"id":602,"href":"https:\/\/cbr.grad.hr\/hr\/wp-json\/wp\/v2\/pages\/73\/revisions\/602"}],"wp:attachment":[{"href":"https:\/\/cbr.grad.hr\/hr\/wp-json\/wp\/v2\/media?parent=73"}],"curies":[{"name":"wp","href":"https:\/\/api.w.org\/{rel}","templated":true}]}}