{"id":476,"date":"2023-09-11T11:51:52","date_gmt":"2023-09-11T11:51:52","guid":{"rendered":"https:\/\/cbr.grad.hr\/?page_id=476"},"modified":"2023-10-23T12:13:20","modified_gmt":"2023-10-23T12:13:20","slug":"case-study-dugi-rat","status":"publish","type":"page","link":"https:\/\/cbr.grad.hr\/hr\/case-study-dugi-rat\/","title":{"rendered":"Studentsko natjecanje &#8220;Case study Dugi Rat&#8221;"},"content":{"rendered":"<p>U periodu od 16. do 19.10.2023. projektni tim je organizirao radionicu za prijenos znanja o metodama sanacije brownfield podru\u010dja u kino dvorani Dugi Rat u suradnji s norve\u0161kim stru\u010dnjacima i projektnim partnerima, s ciljem pru\u017eanja znanja i iskustva u sanaciji brownfield lokacija lokalnoj zajednici te donosiocima odluka od javnog interesa, ali i studentima raspodijeljenim u interdisciplinarne timove.<\/p>\n\n\n\n<p>Studentski timovi imali su zadatak predlo\u017eiti cjelovito rje\u0161enje koje bi uklju\u010divalo sanaciju one\u010di\u0161\u0107enja biv\u0161e tvornice te mogu\u0107u upotrebu tvorni\u010dkog prostora koja bi imala pozitivan utjecaj na okoli\u0161 i lokalnu zajednicu. Sudjelovalo je ukupno 40 studenata razli\u010ditih struka, budu\u0107ih stru\u010dnjaka u podru\u010dju gra\u0111evinarstva, arhitekture, urbanizma, krajobrazne arhitekture, geologije, ekoin\u017eenjerstva, za\u0161tite okoli\u0161a, kemije, rudarstva, sociologije, odr\u017eive mobilnosti, geografije, primijenjene kognitivne znanosti i podatkovne znanosti.<\/p>\n\n\n\n<figure class=\"wp-block-image aligncenter size-large is-resized\"><a href=\"https:\/\/cbr.grad.hr\/wp-content\/uploads\/2023\/10\/CBR_Dugi_Rat_web_0041.jpg\"><img decoding=\"async\" width=\"1024\" height=\"512\" src=\"https:\/\/cbr.grad.hr\/wp-content\/uploads\/2023\/10\/CBR_Dugi_Rat_web_0041-1024x512.jpg\" alt=\"\" class=\"wp-image-715\" style=\"aspect-ratio:2;width:744px;height:auto\" srcset=\"https:\/\/cbr.grad.hr\/wp-content\/uploads\/2023\/10\/CBR_Dugi_Rat_web_0041-1024x512.jpg 1024w, https:\/\/cbr.grad.hr\/wp-content\/uploads\/2023\/10\/CBR_Dugi_Rat_web_0041-300x150.jpg 300w, https:\/\/cbr.grad.hr\/wp-content\/uploads\/2023\/10\/CBR_Dugi_Rat_web_0041-768x384.jpg 768w, https:\/\/cbr.grad.hr\/wp-content\/uploads\/2023\/10\/CBR_Dugi_Rat_web_0041-1536x768.jpg 1536w, https:\/\/cbr.grad.hr\/wp-content\/uploads\/2023\/10\/CBR_Dugi_Rat_web_0041-18x9.jpg 18w, https:\/\/cbr.grad.hr\/wp-content\/uploads\/2023\/10\/CBR_Dugi_Rat_web_0041.jpg 1920w\" sizes=\"(max-width: 1024px) 100vw, 1024px\" \/><\/a><\/figure>\n\n\n\n<p>Osnovne informacije i ulazni podaci za potrebe izrade studentskih radova predstavljeni su u okviru radionice koja se odr\u017eala prema rasporedu prezentacija prikazanim na <a href=\"https:\/\/cbr.grad.hr\/hr\/radionica-sanacije-obalnih-brownfield-podrucja-slucaj-dugi-rat\/\">linku<\/a>. Kroz ovu radionicu studenti su imali priliku vidjeti metodologiju rje\u0161avanja istovjetnog problema u norve\u0161kom gradi\u0107u Notoddenu, te neke mogu\u0107nosti ponovne upotrebe otpadnog materijala u gra\u0111evinarstvu. <\/p>\n\n\n\n<div class=\"wp-block-buttons has-futura-bold-font-family is-content-justification-center is-layout-flex wp-container-core-buttons-is-layout-a89b3969 wp-block-buttons-is-layout-flex\" style=\"font-style:normal;font-weight:700\">\n<div class=\"wp-block-button\"><a class=\"wp-block-button__link has-white-color has-primary-background-color has-text-color has-background wp-element-button\" href=\"https:\/\/cbr.grad.hr\/hr\/galerija-radionica-dugi-rat\/\">Fotogalerija radionice<\/a><\/div>\n<\/div>\n\n\n\n<p>Po zavr\u0161etku predavanja, studenti su imali priliku za cjelodnevne konzultacije sa stru\u010dnjacima predava\u010dima. Rad studenata odr\u017eao se u natjecateljskom duhu te su progla\u0161ena tri najbolja rje\u0161enja prema ocjenama sedmero\u010dlanog stru\u010dnog \u017eirija.<\/p>\n\n\n\n<p>Najboljim rje\u0161enjem stru\u010dni \u017eiri je ocijenio prezentaciju tima:<\/p>\n\n\n\n<h2 class=\"wp-block-heading has-futura-bold-font-family\">B(EI)2<\/h2>\n\n\n\n<p>Studenti: Bruno Cesarec, Ema Ga\u0107e, Ivana Lu\u0161o, Iva Meja\u0161i\u0107 i Ema Mili\u0161i\u0107 Bogunovi\u0107<\/p>\n\n\n\n<p>Prezentacija je na <a href=\"https:\/\/cbr.grad.hr\/wp-content\/uploads\/2023\/10\/Tim b(ei)^2.pdf\" data-type=\"attachment\" data-id=\"624\">linku<\/a>.<\/p>\n\n\n\n<figure class=\"wp-block-image aligncenter size-large\"><a href=\"https:\/\/cbr.grad.hr\/wp-content\/uploads\/2023\/10\/CBR_Dugi_Rat_web_0136.jpg\"><img decoding=\"async\" width=\"1024\" height=\"768\" src=\"https:\/\/cbr.grad.hr\/wp-content\/uploads\/2023\/10\/CBR_Dugi_Rat_0004-1024x768.jpg\" alt=\"\" class=\"wp-image-620\" style=\"object-fit:cover\" srcset=\"https:\/\/cbr.grad.hr\/wp-content\/uploads\/2023\/10\/CBR_Dugi_Rat_0004-1024x768.jpg 1024w, https:\/\/cbr.grad.hr\/wp-content\/uploads\/2023\/10\/CBR_Dugi_Rat_0004-300x225.jpg 300w, https:\/\/cbr.grad.hr\/wp-content\/uploads\/2023\/10\/CBR_Dugi_Rat_0004-768x576.jpg 768w, https:\/\/cbr.grad.hr\/wp-content\/uploads\/2023\/10\/CBR_Dugi_Rat_0004-16x12.jpg 16w, https:\/\/cbr.grad.hr\/wp-content\/uploads\/2023\/10\/CBR_Dugi_Rat_0004.jpg 1440w\" sizes=\"(max-width: 1024px) 100vw, 1024px\" \/><\/a><\/figure>\n\n\n\n<p><span style=\"mso-ansi-language:HR\">Drugo mjesto osvojio je tim:<\/span><\/p>\n\n\n\n<h2 class=\"wp-block-heading has-futura-bold-font-family\"><span style=\"mso-ansi-language:HR\">Revive <\/span><\/h2>\n\n\n\n<p><span style=\"mso-ansi-language:HR\">Studenti: Lorena Hranjec, Dina Jage\u010di\u0107, Laura Lovrinovi\u0107, Ana-Maria Lovri\u0161ec i Stipe Stani\u0107<\/span><\/p>\n\n\n\n<p>Prezentacija je na <a href=\"https:\/\/cbr.grad.hr\/wp-content\/uploads\/2023\/10\/Tim-Revive.pdf\" data-type=\"attachment\" data-id=\"623\">linku<\/a>.<\/p>\n\n\n\n<figure class=\"wp-block-image aligncenter size-large\"><a href=\"https:\/\/cbr.grad.hr\/wp-content\/uploads\/2023\/10\/CBR_Dugi_Rat_web_0135.jpg\"><img decoding=\"async\" width=\"1024\" height=\"768\" src=\"https:\/\/cbr.grad.hr\/wp-content\/uploads\/2023\/10\/CBR_Dugi_Rat_0003-1024x768.jpg\" alt=\"\" class=\"wp-image-619\" style=\"object-fit:cover\" srcset=\"https:\/\/cbr.grad.hr\/wp-content\/uploads\/2023\/10\/CBR_Dugi_Rat_0003-1024x768.jpg 1024w, https:\/\/cbr.grad.hr\/wp-content\/uploads\/2023\/10\/CBR_Dugi_Rat_0003-300x225.jpg 300w, https:\/\/cbr.grad.hr\/wp-content\/uploads\/2023\/10\/CBR_Dugi_Rat_0003-768x576.jpg 768w, https:\/\/cbr.grad.hr\/wp-content\/uploads\/2023\/10\/CBR_Dugi_Rat_0003-16x12.jpg 16w, https:\/\/cbr.grad.hr\/wp-content\/uploads\/2023\/10\/CBR_Dugi_Rat_0003.jpg 1440w\" sizes=\"(max-width: 1024px) 100vw, 1024px\" \/><\/a><\/figure>\n\n\n\n<p><span style=\"mso-ansi-language:HR\">Tre\u0107e mjesto osvojio je tim: <\/span><\/p>\n\n\n\n<h2 class=\"wp-block-heading has-futura-bold-font-family\"><span style=\"mso-ansi-language:HR\">Kvazar<\/span><\/h2>\n\n\n\n<p>Studenti: <span style=\"mso-ansi-language:HR\">Katarina Belo\u0161evi\u0107, Terezija Godini\u0107, Mislav Petar Kelava, Jana Po\u017eeg Kri\u0161kovi\u0107 i Marta Ljevar<\/span><\/p>\n\n\n\n<p>Prezentacija je na <a href=\"https:\/\/cbr.grad.hr\/wp-content\/uploads\/2023\/10\/Tim Kvazar.pdf\" data-type=\"attachment\" data-id=\"627\">linku<\/a>.<\/p>\n\n\n\n<figure class=\"wp-block-image aligncenter size-large\"><a href=\"https:\/\/cbr.grad.hr\/wp-content\/uploads\/2023\/10\/CBR_Dugi_Rat_web_0134.jpg\"><img decoding=\"async\" width=\"1024\" height=\"767\" src=\"https:\/\/cbr.grad.hr\/wp-content\/uploads\/2023\/10\/CBR_Dugi_Rat_0002-1024x767.jpg\" alt=\"\" class=\"wp-image-618\" style=\"object-fit:cover\" srcset=\"https:\/\/cbr.grad.hr\/wp-content\/uploads\/2023\/10\/CBR_Dugi_Rat_0002-1024x767.jpg 1024w, https:\/\/cbr.grad.hr\/wp-content\/uploads\/2023\/10\/CBR_Dugi_Rat_0002-300x225.jpg 300w, https:\/\/cbr.grad.hr\/wp-content\/uploads\/2023\/10\/CBR_Dugi_Rat_0002-768x576.jpg 768w, https:\/\/cbr.grad.hr\/wp-content\/uploads\/2023\/10\/CBR_Dugi_Rat_0002-16x12.jpg 16w, https:\/\/cbr.grad.hr\/wp-content\/uploads\/2023\/10\/CBR_Dugi_Rat_0002.jpg 1441w\" sizes=\"(max-width: 1024px) 100vw, 1024px\" \/><\/a><\/figure>\n\n\n\n<p>Prezentacije ostalih radova nalaze se ovdje:<\/p>\n\n\n\n<ul class=\"wp-block-list\">\n<li><a href=\"https:\/\/cbr.grad.hr\/wp-content\/uploads\/2023\/10\/Tim-Ekowizards.pdf\" data-type=\"attachment\" data-id=\"621\">Ekowizards<\/a><\/li>\n\n\n\n<li><a href=\"https:\/\/cbr.grad.hr\/wp-content\/uploads\/2023\/10\/Tim-LAKI.pdf\" data-type=\"attachment\" data-id=\"622\">LAKI<\/a><\/li>\n\n\n\n<li><a href=\"https:\/\/cbr.grad.hr\/wp-content\/uploads\/2023\/10\/Tim M.I.G..pdf\" data-type=\"attachment\" data-id=\"628\">M.I.G.<\/a><\/li>\n\n\n\n<li><a href=\"https:\/\/cbr.grad.hr\/wp-content\/uploads\/2023\/10\/Tim Ekokrom.pdf\" data-type=\"attachment\" data-id=\"626\">Ekokrom<\/a><\/li>\n\n\n\n<li><a href=\"https:\/\/cbr.grad.hr\/wp-content\/uploads\/2023\/10\/Tim CBR consulting.pdf\" data-type=\"attachment\" data-id=\"625\">CBR Consulting<\/a><\/li>\n<\/ul>\n\n\n\n<p>Organizatori ovog doga\u0111aja (Gra\u0111evinski fakultet Sveu\u010dili\u0161ta u Zagrebu i Sveu\u010dili\u0161te Jugoisto\u010dne Norve\u0161ke) nadaju se da \u0107e ova predavanja, kao i dokumentacija koja je u sklopu projekta prevedena na hrvatski jezik, poslu\u017eiti lokalnoj zajednici i donosiocima odluka od javnog interesa u naporima da se zona industrijskog one\u010di\u0161\u0107enja u Dugom ratu, ali i sli\u010dne lokacije u Hrvatskoj, saniraju na odr\u017eiv na\u010din.<\/p>\n\n\n\n<p><\/p>\n\n\n\n<div class=\"wp-block-buttons has-futura-bold-font-family is-content-justification-center is-layout-flex wp-container-core-buttons-is-layout-a89b3969 wp-block-buttons-is-layout-flex\" style=\"font-style:normal;font-weight:700\">\n<div class=\"wp-block-button\"><a class=\"wp-block-button__link has-white-color has-primary-background-color has-text-color has-background wp-element-button\" href=\"https:\/\/cbr.grad.hr\/hr\/galerija-radionica-dugi-rat\/\">Fotogalerija radionice<\/a><\/div>\n<\/div>","protected":false},"excerpt":{"rendered":"<p>U periodu od 16. do 19.10.2023. projektni tim je organizirao radionicu za prijenos znanja o metodama sanacije brownfield podru\u010dja u kino dvorani Dugi Rat u suradnji s norve\u0161kim stru\u010dnjacima i projektnim partnerima, s ciljem pru\u017eanja znanja i iskustva u sanaciji brownfield lokacija lokalnoj zajednici te donosiocima odluka od javnog interesa, ali i studentima raspodijeljenim u [&hellip;]<\/p>","protected":false},"author":1,"featured_media":0,"parent":0,"menu_order":0,"comment_status":"closed","ping_status":"closed","template":"","meta":{"footnotes":""},"class_list":["post-476","page","type-page","status-publish","hentry"],"_links":{"self":[{"href":"https:\/\/cbr.grad.hr\/hr\/wp-json\/wp\/v2\/pages\/476","targetHints":{"allow":["GET"]}}],"collection":[{"href":"https:\/\/cbr.grad.hr\/hr\/wp-json\/wp\/v2\/pages"}],"about":[{"href":"https:\/\/cbr.grad.hr\/hr\/wp-json\/wp\/v2\/types\/page"}],"author":[{"embeddable":true,"href":"https:\/\/cbr.grad.hr\/hr\/wp-json\/wp\/v2\/users\/1"}],"replies":[{"embeddable":true,"href":"https:\/\/cbr.grad.hr\/hr\/wp-json\/wp\/v2\/comments?post=476"}],"version-history":[{"count":31,"href":"https:\/\/cbr.grad.hr\/hr\/wp-json\/wp\/v2\/pages\/476\/revisions"}],"predecessor-version":[{"id":808,"href":"https:\/\/cbr.grad.hr\/hr\/wp-json\/wp\/v2\/pages\/476\/revisions\/808"}],"wp:attachment":[{"href":"https:\/\/cbr.grad.hr\/hr\/wp-json\/wp\/v2\/media?parent=476"}],"curies":[{"name":"wp","href":"https:\/\/api.w.org\/{rel}","templated":true}]}}