{"id":319,"date":"2023-06-27T11:17:56","date_gmt":"2023-06-27T11:17:56","guid":{"rendered":"https:\/\/cbr.grad.hr\/?page_id=319"},"modified":"2023-10-23T06:42:47","modified_gmt":"2023-10-23T06:42:47","slug":"norwegian-regulations","status":"publish","type":"page","link":"https:\/\/cbr.grad.hr\/hr\/norwegian-regulations\/","title":{"rendered":"Norve\u0161ka regulativa"},"content":{"rendered":"<h4 class=\"wp-block-heading has-futura-bold-font-family\">Na norve\u0161kom jeziku (originali)<\/h4>\n\n\n\n<div class=\"wp-block-columns is-layout-flex wp-container-core-columns-is-layout-28f84493 wp-block-columns-is-layout-flex\">\n<div class=\"wp-block-column is-layout-flow wp-block-column-is-layout-flow\" style=\"flex-basis:25%\">\n<figure class=\"wp-block-image aligncenter size-large is-resized\"><a href=\"https:\/\/cbr.grad.hr\/wp-content\/uploads\/2023\/06\/1__TA25532009%20Health-based%20condition%20classes%20for%20contaminated%20landNOR.pdf\"><img decoding=\"async\" width=\"724\" height=\"1024\" src=\"https:\/\/cbr.grad.hr\/wp-content\/uploads\/2023\/06\/1__TA25532009_NOR-724x1024.jpg\" alt=\"\" class=\"wp-image-322\" style=\"width:181px;height:256px\" srcset=\"https:\/\/cbr.grad.hr\/wp-content\/uploads\/2023\/06\/1__TA25532009_NOR-724x1024.jpg 724w, https:\/\/cbr.grad.hr\/wp-content\/uploads\/2023\/06\/1__TA25532009_NOR-212x300.jpg 212w, https:\/\/cbr.grad.hr\/wp-content\/uploads\/2023\/06\/1__TA25532009_NOR-768x1087.jpg 768w, https:\/\/cbr.grad.hr\/wp-content\/uploads\/2023\/06\/1__TA25532009_NOR-8x12.jpg 8w, https:\/\/cbr.grad.hr\/wp-content\/uploads\/2023\/06\/1__TA25532009_NOR.jpg 826w\" sizes=\"(max-width: 724px) 100vw, 724px\" \/><\/a><\/figure>\n\n\n\n<h6 class=\"wp-block-heading has-text-align-center\"><a href=\"https:\/\/cbr.grad.hr\/wp-content\/uploads\/2023\/06\/1__TA25532009%20Health-based%20condition%20classes%20for%20contaminated%20landNOR.pdf\">TA25532009<\/a><\/h6>\n\n\n\n<h6 class=\"wp-block-heading has-text-align-center\" style=\"text-transform:none\"><a href=\"https:\/\/cbr.grad.hr\/wp-content\/uploads\/2023\/06\/1__TA25532009%20Health-based%20condition%20classes%20for%20contaminated%20landNOR.pdf\">Health based condition classes for contaminated land<\/a><\/h6>\n<\/div>\n\n\n\n<div class=\"wp-block-column is-layout-flow wp-block-column-is-layout-flow\" style=\"flex-basis:25%\">\n<figure class=\"wp-block-image aligncenter size-large is-resized\"><a href=\"https:\/\/cbr.grad.hr\/wp-content\/uploads\/2023\/06\/2__TA162999%20Guidance%20on%20risk%20assessment%20of%20contaminated%20landNOR.pdf\"><img decoding=\"async\" width=\"724\" height=\"1024\" src=\"https:\/\/cbr.grad.hr\/wp-content\/uploads\/2023\/06\/2__TA162999-Guidance-on-risk-assessment-of-contaminated-landNOR-724x1024.jpg\" alt=\"\" class=\"wp-image-323\" style=\"width:181px;height:256px\" srcset=\"https:\/\/cbr.grad.hr\/wp-content\/uploads\/2023\/06\/2__TA162999-Guidance-on-risk-assessment-of-contaminated-landNOR-724x1024.jpg 724w, https:\/\/cbr.grad.hr\/wp-content\/uploads\/2023\/06\/2__TA162999-Guidance-on-risk-assessment-of-contaminated-landNOR-212x300.jpg 212w, https:\/\/cbr.grad.hr\/wp-content\/uploads\/2023\/06\/2__TA162999-Guidance-on-risk-assessment-of-contaminated-landNOR-768x1087.jpg 768w, https:\/\/cbr.grad.hr\/wp-content\/uploads\/2023\/06\/2__TA162999-Guidance-on-risk-assessment-of-contaminated-landNOR-8x12.jpg 8w, https:\/\/cbr.grad.hr\/wp-content\/uploads\/2023\/06\/2__TA162999-Guidance-on-risk-assessment-of-contaminated-landNOR.jpg 826w\" sizes=\"(max-width: 724px) 100vw, 724px\" \/><\/a><\/figure>\n\n\n\n<h6 class=\"wp-block-heading has-text-align-center\" style=\"text-transform:none\"><a href=\"https:\/\/cbr.grad.hr\/wp-content\/uploads\/2023\/06\/2__TA162999%20Guidance%20on%20risk%20assessment%20of%20contaminated%20landNOR.pdf\">TA162999<\/a><\/h6>\n\n\n\n<h6 class=\"wp-block-heading has-text-align-center\" style=\"text-transform:none\"><a href=\"https:\/\/cbr.grad.hr\/wp-content\/uploads\/2023\/06\/2__TA162999%20Guidance%20on%20risk%20assessment%20of%20contaminated%20landNOR.pdf\">Guidance on risk assessment of contaminated land<\/a><\/h6>\n<\/div>\n\n\n\n<div class=\"wp-block-column is-layout-flow wp-block-column-is-layout-flow\" style=\"flex-basis:25%\">\n<figure class=\"wp-block-image aligncenter size-large is-resized\"><img decoding=\"async\" width=\"724\" height=\"1024\" src=\"https:\/\/cbr.grad.hr\/wp-content\/uploads\/2023\/06\/3__Guide-02_2018-Classification-of-environmental-condition-in-waterNOR-724x1024.jpg\" alt=\"\" class=\"wp-image-324\" style=\"width:181px;height:256px\" srcset=\"https:\/\/cbr.grad.hr\/wp-content\/uploads\/2023\/06\/3__Guide-02_2018-Classification-of-environmental-condition-in-waterNOR-724x1024.jpg 724w, https:\/\/cbr.grad.hr\/wp-content\/uploads\/2023\/06\/3__Guide-02_2018-Classification-of-environmental-condition-in-waterNOR-212x300.jpg 212w, https:\/\/cbr.grad.hr\/wp-content\/uploads\/2023\/06\/3__Guide-02_2018-Classification-of-environmental-condition-in-waterNOR-768x1086.jpg 768w, https:\/\/cbr.grad.hr\/wp-content\/uploads\/2023\/06\/3__Guide-02_2018-Classification-of-environmental-condition-in-waterNOR-8x12.jpg 8w, https:\/\/cbr.grad.hr\/wp-content\/uploads\/2023\/06\/3__Guide-02_2018-Classification-of-environmental-condition-in-waterNOR.jpg 827w\" sizes=\"(max-width: 724px) 100vw, 724px\" \/><\/figure>\n\n\n\n<h6 class=\"wp-block-heading has-text-align-center\" style=\"text-transform:none\"><a href=\"https:\/\/cbr.grad.hr\/wp-content\/uploads\/2023\/06\/3__Guide%2002_2018%20Classification%20of%20environmental%20condition%20in%20waterNOR.pdf\">Guide 02_2018<\/a><\/h6>\n\n\n\n<h6 class=\"wp-block-heading has-text-align-center\" style=\"text-transform:none\"><a href=\"https:\/\/cbr.grad.hr\/wp-content\/uploads\/2023\/06\/3__Guide%2002_2018%20Classification%20of%20environmental%20condition%20in%20waterNOR.pdf\">Classification of environmental condition in water<\/a><\/h6>\n<\/div>\n\n\n\n<div class=\"wp-block-column is-layout-flow wp-block-column-is-layout-flow\" style=\"flex-basis:25%\">\n<figure class=\"wp-block-image aligncenter size-large is-resized\"><a href=\"https:\/\/cbr.grad.hr\/wp-content\/uploads\/2023\/06\/4__The%20Norwegian%20Labor%20Inspection%20Authority.%20Regulation%20on%20action%20values%20and%20limit%20valuesNOR.pdf\"><img decoding=\"async\" width=\"724\" height=\"1024\" src=\"https:\/\/cbr.grad.hr\/wp-content\/uploads\/2023\/06\/4__The-Norwegian-Labor-Inspection-Authority.-Regulation-on-action-values-and-limit-valuesNOR-724x1024.jpg\" alt=\"\" class=\"wp-image-325\" style=\"width:181px;height:256px\" srcset=\"https:\/\/cbr.grad.hr\/wp-content\/uploads\/2023\/06\/4__The-Norwegian-Labor-Inspection-Authority.-Regulation-on-action-values-and-limit-valuesNOR-724x1024.jpg 724w, https:\/\/cbr.grad.hr\/wp-content\/uploads\/2023\/06\/4__The-Norwegian-Labor-Inspection-Authority.-Regulation-on-action-values-and-limit-valuesNOR-212x300.jpg 212w, https:\/\/cbr.grad.hr\/wp-content\/uploads\/2023\/06\/4__The-Norwegian-Labor-Inspection-Authority.-Regulation-on-action-values-and-limit-valuesNOR-768x1087.jpg 768w, https:\/\/cbr.grad.hr\/wp-content\/uploads\/2023\/06\/4__The-Norwegian-Labor-Inspection-Authority.-Regulation-on-action-values-and-limit-valuesNOR-8x12.jpg 8w, https:\/\/cbr.grad.hr\/wp-content\/uploads\/2023\/06\/4__The-Norwegian-Labor-Inspection-Authority.-Regulation-on-action-values-and-limit-valuesNOR.jpg 826w\" sizes=\"(max-width: 724px) 100vw, 724px\" \/><\/a><\/figure>\n\n\n\n<h6 class=\"wp-block-heading has-text-align-center\" style=\"text-transform:none\"><a href=\"https:\/\/cbr.grad.hr\/wp-content\/uploads\/2023\/06\/4__The%20Norwegian%20Labor%20Inspection%20Authority.%20Regulation%20on%20action%20values%20and%20limit%20valuesNOR.pdf\">Norwegian labor inspection authority<\/a>:<a href=\"https:\/\/cbr.grad.hr\/wp-content\/uploads\/2023\/06\/4__The%20Norwegian%20Labor%20Inspection%20Authority.%20Regulation%20on%20action%20values%20and%20limit%20valuesNOR.pdf\"> Regulation on intervention values and limit values for physical and chemical factors in the work environment<\/a><\/h6>\n<\/div>\n<\/div>\n\n\n\n<h4 class=\"wp-block-heading has-futura-bold-font-family\">Prevedeno na hrvatski jezik<\/h4>\n\n\n\n<div class=\"wp-block-columns is-layout-flex wp-container-core-columns-is-layout-28f84493 wp-block-columns-is-layout-flex\">\n<div class=\"wp-block-column is-layout-flow wp-block-column-is-layout-flow\" style=\"flex-basis:25%\">\n<figure class=\"wp-block-image aligncenter size-large is-resized\"><a href=\"https:\/\/cbr.grad.hr\/wp-content\/uploads\/2023\/10\/1__TA25532009-Health-based-condition-classes-for-contaminated-landHRV.pdf\"><img decoding=\"async\" width=\"724\" height=\"1024\" src=\"https:\/\/cbr.grad.hr\/wp-content\/uploads\/2023\/07\/1__TA25532009-Health-based-condition-classes-for-contaminated-landHRV-724x1024.jpg\" alt=\"\" class=\"wp-image-367\" style=\"width:181px;height:256px\" srcset=\"https:\/\/cbr.grad.hr\/wp-content\/uploads\/2023\/07\/1__TA25532009-Health-based-condition-classes-for-contaminated-landHRV-724x1024.jpg 724w, https:\/\/cbr.grad.hr\/wp-content\/uploads\/2023\/07\/1__TA25532009-Health-based-condition-classes-for-contaminated-landHRV-212x300.jpg 212w, https:\/\/cbr.grad.hr\/wp-content\/uploads\/2023\/07\/1__TA25532009-Health-based-condition-classes-for-contaminated-landHRV-768x1087.jpg 768w, https:\/\/cbr.grad.hr\/wp-content\/uploads\/2023\/07\/1__TA25532009-Health-based-condition-classes-for-contaminated-landHRV-8x12.jpg 8w, https:\/\/cbr.grad.hr\/wp-content\/uploads\/2023\/07\/1__TA25532009-Health-based-condition-classes-for-contaminated-landHRV.jpg 826w\" sizes=\"(max-width: 724px) 100vw, 724px\" \/><\/a><\/figure>\n\n\n\n<h6 class=\"wp-block-heading has-text-align-center\"><a href=\"https:\/\/cbr.grad.hr\/wp-content\/uploads\/2023\/10\/1__TA25532009-Health-based-condition-classes-for-contaminated-landHRV.pdf\">TA25532009<\/a><\/h6>\n\n\n\n<h6 class=\"wp-block-heading has-text-align-center\" style=\"text-transform:none\"><a href=\"https:\/\/cbr.grad.hr\/wp-content\/uploads\/2023\/10\/1__TA25532009-Health-based-condition-classes-for-contaminated-landHRV.pdf\">Kategorije stanja one\u010di\u0161\u0107enog tla na utjecaj na zdravlje<\/a><\/h6>\n<\/div>\n<\/div>\n\n\n\n<div style=\"height:100px\" aria-hidden=\"true\" class=\"wp-block-spacer\"><\/div>","protected":false},"excerpt":{"rendered":"<p>In Norwegian (originals) TA25532009 Health based condition classes for contaminated land TA162999 Guidance on risk assessment of contaminated land Guide 02_2018 Classification of environmental condition in water Norwegian labor inspection authority: Regulation on intervention values and limit values for physical and chemical factors in the work environment Translations into Croatian TA25532009 Kategorije stanja one\u010di\u0161\u0107enog tla [&hellip;]<\/p>","protected":false},"author":1,"featured_media":0,"parent":0,"menu_order":0,"comment_status":"closed","ping_status":"closed","template":"","meta":{"footnotes":""},"class_list":["post-319","page","type-page","status-publish","hentry"],"_links":{"self":[{"href":"https:\/\/cbr.grad.hr\/hr\/wp-json\/wp\/v2\/pages\/319","targetHints":{"allow":["GET"]}}],"collection":[{"href":"https:\/\/cbr.grad.hr\/hr\/wp-json\/wp\/v2\/pages"}],"about":[{"href":"https:\/\/cbr.grad.hr\/hr\/wp-json\/wp\/v2\/types\/page"}],"author":[{"embeddable":true,"href":"https:\/\/cbr.grad.hr\/hr\/wp-json\/wp\/v2\/users\/1"}],"replies":[{"embeddable":true,"href":"https:\/\/cbr.grad.hr\/hr\/wp-json\/wp\/v2\/comments?post=319"}],"version-history":[{"count":9,"href":"https:\/\/cbr.grad.hr\/hr\/wp-json\/wp\/v2\/pages\/319\/revisions"}],"predecessor-version":[{"id":642,"href":"https:\/\/cbr.grad.hr\/hr\/wp-json\/wp\/v2\/pages\/319\/revisions\/642"}],"wp:attachment":[{"href":"https:\/\/cbr.grad.hr\/hr\/wp-json\/wp\/v2\/media?parent=319"}],"curies":[{"name":"wp","href":"https:\/\/api.w.org\/{rel}","templated":true}]}}