{"id":256,"date":"2023-06-26T11:36:53","date_gmt":"2023-06-26T11:36:53","guid":{"rendered":"https:\/\/cbr.grad.hr\/?page_id=256"},"modified":"2023-06-26T11:59:18","modified_gmt":"2023-06-26T11:59:18","slug":"naslovna-stranica","status":"publish","type":"page","link":"https:\/\/cbr.grad.hr\/hr\/naslovna-stranica\/","title":{"rendered":"Naslovna stranica"},"content":{"rendered":"<div class=\"wp-block-group has-background-background-color has-background is-layout-flow wp-container-core-group-is-layout-7831a22c wp-block-group-is-layout-flow\" style=\"border-style:none;border-width:0px;border-radius:40px;margin-top:var(--wp--preset--spacing--40);margin-bottom:var(--wp--preset--spacing--40);padding-top:var(--wp--preset--spacing--40);padding-right:var(--wp--preset--spacing--40);padding-bottom:var(--wp--preset--spacing--40);padding-left:var(--wp--preset--spacing--40)\">\n<h2 class=\"wp-block-heading has-text-align-center has-futura-bold-font-family has-x-large-font-size\"><strong>Ciljevi projekta<\/strong><\/h2>\n\n\n\n<div style=\"height:10px\" aria-hidden=\"true\" class=\"wp-block-spacer\"><\/div>\n\n\n\n<div class=\"wp-block-group is-layout-constrained wp-container-core-group-is-layout-0a46aeff wp-block-group-is-layout-constrained\" style=\"border-style:none;border-width:0px\">\n<div class=\"wp-block-columns alignwide are-vertically-aligned-center is-layout-flex wp-container-core-columns-is-layout-28f84493 wp-block-columns-is-layout-flex\">\n<div class=\"wp-block-column is-vertically-aligned-center is-layout-flow wp-block-column-is-layout-flow\">\n<figure class=\"wp-block-image aligncenter size-full\"><img decoding=\"async\" width=\"700\" height=\"480\" src=\"https:\/\/cbr.grad.hr\/wp-content\/uploads\/2023\/06\/PODLOGA-04_small.png\" alt=\"\" class=\"wp-image-206\" srcset=\"https:\/\/cbr.grad.hr\/wp-content\/uploads\/2023\/06\/PODLOGA-04_small.png 700w, https:\/\/cbr.grad.hr\/wp-content\/uploads\/2023\/06\/PODLOGA-04_small-300x206.png 300w\" sizes=\"(max-width: 700px) 100vw, 700px\" \/><\/figure>\n<\/div>\n\n\n\n<div class=\"wp-block-column is-vertically-aligned-center is-layout-flow wp-block-column-is-layout-flow\">\n<p class=\"has-text-align-center\">Rezultati projekta uklju\u010divat \u0107e razvoj i razmjenu dobrih praksi u podru\u010dju revitalizacijskih strategija na temelju ekosustavnih rje\u0161enja za pomorske brownfield prostore. Istovremeno \u0107e osigurati o\u010duvanje pomorskih i morskih podru\u010dja kao i pove\u0107anje mogu\u0107nosti za zeleni i odr\u017eivi turizam na revitaliziranim podru\u010djima. Uklju\u010duju\u0107i mjesnu samoupravu u Hrvatskoj, cilj je osna\u017eiti lokalnu vlast te im pove\u0107ati kapacitet za suradnju sa stru\u010dnjacima, te smanjiti ekolo\u0161ki, ekonomski i dru\u0161tveni dispairtet u Europskom ekonomskom podru\u010dju.<\/p>\n<\/div>\n<\/div>\n<\/div>\n<\/div>\n\n\n\n<div class=\"wp-block-group has-background-background-color has-background is-layout-flow wp-container-core-group-is-layout-ec98ed80 wp-block-group-is-layout-flow\" style=\"border-style:none;border-width:0px;border-radius:40px;margin-top:0;margin-bottom:0;padding-top:var(--wp--preset--spacing--40);padding-right:var(--wp--preset--spacing--40);padding-bottom:var(--wp--preset--spacing--40);padding-left:var(--wp--preset--spacing--40)\">\n<h2 class=\"wp-block-heading has-text-align-center has-futura-bold-font-family has-x-large-font-size\"><strong>Aktivnosti<\/strong><\/h2>\n\n\n\n<div style=\"height:20px\" aria-hidden=\"true\" class=\"wp-block-spacer\"><\/div>\n\n\n\n<div class=\"wp-block-group is-layout-constrained wp-container-core-group-is-layout-0a46aeff wp-block-group-is-layout-constrained\" style=\"border-style:none;border-width:0px\">\n<div class=\"wp-block-columns alignwide is-layout-flex wp-container-core-columns-is-layout-28f84493 wp-block-columns-is-layout-flex\">\n<div class=\"wp-block-column is-vertically-aligned-center is-layout-flow wp-block-column-is-layout-flow\">\n<p>Glavni cilj projekta ostvarit \u0107e se kroz aktivnosti zajedni\u010dkih sastanaka, tehni\u010dkih posjeta, radionica za ja\u010danje kapaciteta i kratkoro\u010dnih treninga, prijevodom nacionlanih dokumenata, \u0161irenjem rasprave izme\u0111u hrvatskih i norve\u0161kih stru\u010dnjaka u podru\u010dju revitalizacije brownfield podru\u010dja, ali i \u0161irenjem svjesti javnosti i mjesne samouprave promicanjem alata i materijala:<\/p>\n<\/div>\n\n\n\n<div class=\"wp-block-column is-vertically-aligned-center is-layout-flow wp-block-column-is-layout-flow\">\n<figure class=\"wp-block-image aligncenter size-full\"><img decoding=\"async\" width=\"700\" height=\"480\" src=\"https:\/\/cbr.grad.hr\/wp-content\/uploads\/2023\/06\/PODLOGA-03_small.png\" alt=\"\" class=\"wp-image-205\" srcset=\"https:\/\/cbr.grad.hr\/wp-content\/uploads\/2023\/06\/PODLOGA-03_small.png 700w, https:\/\/cbr.grad.hr\/wp-content\/uploads\/2023\/06\/PODLOGA-03_small-300x206.png 300w\" sizes=\"(max-width: 700px) 100vw, 700px\" \/><\/figure>\n<\/div>\n\n\n\n<div class=\"wp-block-column is-vertically-aligned-center is-layout-flow wp-block-column-is-layout-flow\">\n<ul class=\"wp-block-list\">\n<li style=\"text-transform:capitalize\">ANALIZA I SA\u017dETAK NACIONALNIH PREPORUKA I PRAKSI<\/li>\n\n\n\n<li style=\"text-transform:capitalize\">tEHNI\u010cKI POSJETI PROSTORU BIV\u0160EG INDUSTRIJSKOG KOMPLEKSA U nOTODDENU<\/li>\n\n\n\n<li style=\"text-transform:capitalize\">TEHNI\u010cKI POSJET PROSTORU BIV\u0160EG POSTROJENJA tVORNICE FEROLEGURA U dUGOMA RATU<\/li>\n\n\n\n<li>EDUKATIVNE RADIONICE NA TEMU REMEDIJACIJE BROWNFIELD PROSTORA (DUGI RAT)<\/li>\n\n\n\n<li>KONA\u010cNI IZJVE\u0160TAJ &#8211; PLAN REMEDIJACIJE BROWNFIELD PODRU\u010cJA<\/li>\n<\/ul>\n<\/div>\n<\/div>\n<\/div>\n<\/div>\n\n\n\n<div class=\"wp-block-group has-background-background-color has-background is-layout-flow wp-container-core-group-is-layout-7831a22c wp-block-group-is-layout-flow\" style=\"border-style:none;border-width:0px;border-radius:40px;margin-top:var(--wp--preset--spacing--40);margin-bottom:var(--wp--preset--spacing--40);padding-top:var(--wp--preset--spacing--40);padding-right:var(--wp--preset--spacing--40);padding-bottom:var(--wp--preset--spacing--40);padding-left:var(--wp--preset--spacing--40)\">\n<h2 class=\"wp-block-heading has-text-align-center has-futura-bold-font-family has-x-large-font-size\"><strong>Projektni tim<\/strong><\/h2>\n\n\n\n<div style=\"height:20px\" aria-hidden=\"true\" class=\"wp-block-spacer\"><\/div>\n\n\n\n<div class=\"wp-block-group is-layout-constrained wp-container-core-group-is-layout-0a46aeff wp-block-group-is-layout-constrained\" style=\"border-style:none;border-width:0px\">\n<div class=\"wp-block-columns is-layout-flex wp-container-core-columns-is-layout-28f84493 wp-block-columns-is-layout-flex\">\n<div class=\"wp-block-column is-vertically-aligned-center is-layout-flow wp-block-column-is-layout-flow\">\n<div class=\"wp-block-group is-content-justification-center is-layout-flex wp-container-core-group-is-layout-b02886af wp-block-group-is-layout-flex\">\n<p class=\"has-text-align-center\"><strong>dr. sc. Dalibor Carevi\u0107<\/strong><\/p>\n\n\n\n<p class=\"has-text-align-center\">Sveu\u010dili\u0161te u Zagrebu, Gra\u0111evinski fakultet<\/p>\n<\/div>\n\n\n\n<div class=\"wp-block-group is-content-justification-center is-layout-flex wp-container-core-group-is-layout-b02886af wp-block-group-is-layout-flex\">\n<p class=\"has-text-align-center\"><strong>dr. sc. Marijana Serdar<\/strong><\/p>\n\n\n\n<p class=\"has-text-align-center\">Sveu\u010dili\u0161te u Zagrebu, Gra\u0111evinski fakultet<\/p>\n<\/div>\n\n\n\n<div class=\"wp-block-group is-content-justification-center is-layout-flex wp-container-core-group-is-layout-b02886af wp-block-group-is-layout-flex\">\n<p class=\"has-text-align-center\"><strong>dr. sc. Ivana Carevi\u0107<\/strong><\/p>\n\n\n\n<p class=\"has-text-align-center\">Sveu\u010dili\u0161te u Zagrebu, Gra\u0111evinski fakultet<\/p>\n<\/div>\n\n\n\n<div class=\"wp-block-group is-content-justification-center is-layout-flex wp-container-core-group-is-layout-b02886af wp-block-group-is-layout-flex\">\n<p class=\"has-text-align-center\"><strong>dr. sc. Ana Be\u0161ker<\/strong><\/p>\n\n\n\n<p class=\"has-text-align-center\">Sveu\u010dili\u0161te u Zagrebu, Gra\u0111evinski fakultet<\/p>\n<\/div>\n\n\n\n<div class=\"wp-block-group is-content-justification-center is-layout-flex wp-container-core-group-is-layout-b02886af wp-block-group-is-layout-flex\">\n<p class=\"has-text-align-center\"><strong>dr. sc. Lasse Berntzen<\/strong><\/p>\n\n\n\n<p class=\"has-text-align-center\">University of South-Eastern Norway<\/p>\n<\/div>\n\n\n\n<div class=\"wp-block-group is-content-justification-center is-layout-flex wp-container-core-group-is-layout-b02886af wp-block-group-is-layout-flex\">\n<p class=\"has-text-align-center\"><strong>dr. sc. Kristina Pikelj<\/strong><\/p>\n\n\n\n<p class=\"has-text-align-center\">Sveu\u010dili\u0161te u Zagrebu, Prirodoslovno-matemati\u010dki fakultet<\/p>\n<\/div>\n\n\n\n<div class=\"wp-block-group is-content-justification-center is-layout-flex wp-container-core-group-is-layout-b02886af wp-block-group-is-layout-flex\">\n<p class=\"has-text-align-center\"><strong>Hajdi Biuk, mag. iur.<\/strong><\/p>\n\n\n\n<p class=\"has-text-align-center\">Udruga za prirodu, okoli\u0161 i odr\u017eivi razvoj<\/p>\n<\/div>\n<\/div>\n\n\n\n<div class=\"wp-block-column is-layout-flow wp-block-column-is-layout-flow\">\n<figure class=\"wp-block-image size-full\"><img decoding=\"async\" width=\"700\" height=\"480\" src=\"https:\/\/cbr.grad.hr\/wp-content\/uploads\/2023\/06\/PODLOGA-01_small.png\" alt=\"\" class=\"wp-image-203\" srcset=\"https:\/\/cbr.grad.hr\/wp-content\/uploads\/2023\/06\/PODLOGA-01_small.png 700w, https:\/\/cbr.grad.hr\/wp-content\/uploads\/2023\/06\/PODLOGA-01_small-300x206.png 300w\" sizes=\"(max-width: 700px) 100vw, 700px\" \/><\/figure>\n<\/div>\n<\/div>\n<\/div>\n<\/div>\n\n\n\n<div class=\"wp-block-group has-white-background-color has-background is-nowrap is-layout-flex wp-container-core-group-is-layout-c0d5ccf6 wp-block-group-is-layout-flex\" style=\"border-radius:40px\">\n<figure class=\"wp-block-image size-full is-resized\"><img decoding=\"async\" src=\"https:\/\/cbr.grad.hr\/wp-content\/uploads\/2023\/05\/dugi_rat.png\" alt=\"\" class=\"wp-image-57\" width=\"300\" height=\"300\" srcset=\"https:\/\/cbr.grad.hr\/wp-content\/uploads\/2023\/05\/dugi_rat.png 600w, https:\/\/cbr.grad.hr\/wp-content\/uploads\/2023\/05\/dugi_rat-300x300.png 300w, https:\/\/cbr.grad.hr\/wp-content\/uploads\/2023\/05\/dugi_rat-150x150.png 150w\" sizes=\"(max-width: 300px) 100vw, 300px\" \/><\/figure>\n\n\n\n<figure class=\"wp-block-image size-full is-resized\"><img decoding=\"async\" src=\"https:\/\/cbr.grad.hr\/wp-content\/uploads\/2023\/05\/USN_logo.png\" alt=\"\" class=\"wp-image-63\" width=\"300\" height=\"300\" srcset=\"https:\/\/cbr.grad.hr\/wp-content\/uploads\/2023\/05\/USN_logo.png 600w, https:\/\/cbr.grad.hr\/wp-content\/uploads\/2023\/05\/USN_logo-300x300.png 300w, https:\/\/cbr.grad.hr\/wp-content\/uploads\/2023\/05\/USN_logo-150x150.png 150w\" sizes=\"(max-width: 300px) 100vw, 300px\" \/><\/figure>\n\n\n\n<figure class=\"wp-block-image size-full is-resized\"><img decoding=\"async\" src=\"https:\/\/cbr.grad.hr\/wp-content\/uploads\/2023\/05\/sunce_logo.png\" alt=\"\" class=\"wp-image-60\" width=\"300\" height=\"300\" srcset=\"https:\/\/cbr.grad.hr\/wp-content\/uploads\/2023\/05\/sunce_logo.png 600w, https:\/\/cbr.grad.hr\/wp-content\/uploads\/2023\/05\/sunce_logo-300x300.png 300w, https:\/\/cbr.grad.hr\/wp-content\/uploads\/2023\/05\/sunce_logo-150x150.png 150w\" sizes=\"(max-width: 300px) 100vw, 300px\" \/><\/figure>\n\n\n\n<figure class=\"wp-block-image size-full is-resized\"><img decoding=\"async\" src=\"https:\/\/cbr.grad.hr\/wp-content\/uploads\/2023\/05\/UNIZG_GF-1.png\" alt=\"\" class=\"wp-image-61\" width=\"300\" height=\"300\" srcset=\"https:\/\/cbr.grad.hr\/wp-content\/uploads\/2023\/05\/UNIZG_GF-1.png 600w, https:\/\/cbr.grad.hr\/wp-content\/uploads\/2023\/05\/UNIZG_GF-1-300x300.png 300w, https:\/\/cbr.grad.hr\/wp-content\/uploads\/2023\/05\/UNIZG_GF-1-150x150.png 150w\" sizes=\"(max-width: 300px) 100vw, 300px\" \/><\/figure>\n\n\n\n<figure class=\"wp-block-image size-full is-resized\"><img decoding=\"async\" src=\"https:\/\/cbr.grad.hr\/wp-content\/uploads\/2023\/05\/UNIZG_PMF.png\" alt=\"\" class=\"wp-image-62\" width=\"300\" height=\"300\" srcset=\"https:\/\/cbr.grad.hr\/wp-content\/uploads\/2023\/05\/UNIZG_PMF.png 600w, https:\/\/cbr.grad.hr\/wp-content\/uploads\/2023\/05\/UNIZG_PMF-300x300.png 300w, https:\/\/cbr.grad.hr\/wp-content\/uploads\/2023\/05\/UNIZG_PMF-150x150.png 150w\" sizes=\"(max-width: 300px) 100vw, 300px\" \/><\/figure>\n\n\n\n<figure class=\"wp-block-image size-full is-resized\"><img decoding=\"async\" src=\"https:\/\/cbr.grad.hr\/wp-content\/uploads\/2023\/05\/ministarstvo_regionalog_logo.png\" alt=\"\" class=\"wp-image-59\" width=\"300\" height=\"300\" srcset=\"https:\/\/cbr.grad.hr\/wp-content\/uploads\/2023\/05\/ministarstvo_regionalog_logo.png 600w, https:\/\/cbr.grad.hr\/wp-content\/uploads\/2023\/05\/ministarstvo_regionalog_logo-300x300.png 300w, https:\/\/cbr.grad.hr\/wp-content\/uploads\/2023\/05\/ministarstvo_regionalog_logo-150x150.png 150w\" sizes=\"(max-width: 300px) 100vw, 300px\" \/><\/figure>\n<\/div>\n\n\n\n<div class=\"wp-block-group has-background-background-color has-background is-vertical is-content-justification-center is-layout-flex wp-container-core-group-is-layout-ce155fab wp-block-group-is-layout-flex\">\n<div class=\"wp-block-group is-content-justification-center is-nowrap is-layout-flex wp-container-core-group-is-layout-23441af8 wp-block-group-is-layout-flex\">\n<figure class=\"wp-block-image size-full is-resized\"><img decoding=\"async\" src=\"https:\/\/cbr.grad.hr\/wp-content\/uploads\/2023\/05\/g2222.png\" alt=\"\" class=\"wp-image-17\" width=\"204\" height=\"121\" srcset=\"https:\/\/cbr.grad.hr\/wp-content\/uploads\/2023\/05\/g2222.png 814w, https:\/\/cbr.grad.hr\/wp-content\/uploads\/2023\/05\/g2222-300x178.png 300w, https:\/\/cbr.grad.hr\/wp-content\/uploads\/2023\/05\/g2222-768x456.png 768w\" sizes=\"(max-width: 204px) 100vw, 204px\" \/><\/figure>\n\n\n\n<p class=\"has-futura-bold-font-family\"><strong>Kontaktiraj nas!<\/strong><\/p>\n<\/div>\n\n\n\n<div class=\"wp-block-group is-nowrap is-layout-flex wp-container-core-group-is-layout-6c531013 wp-block-group-is-layout-flex\">\n<p class=\"has-text-align-center\"><strong>Dalibor Carevi\u0107<\/strong><\/p>\n\n\n\n<p class=\"has-text-align-center\"><strong>+385 1 4639 309<\/strong><\/p>\n\n\n\n<p class=\"has-text-align-center\"><strong>dalibor.carevic@grad.unizg.hr<\/strong><\/p>\n<\/div>\n<\/div>","protected":false},"excerpt":{"rendered":"<p>Ciljevi projekta Rezultati projekta uklju\u010divat \u0107e razvoj i razmjenu dobrih praksi u podru\u010dju revitalizacijskih strategija na temelju ekosustavnih rje\u0161enja za pomorske brownfield prostore. Istovremeno \u0107e osigurati o\u010duvanje pomorskih i morskih podru\u010dja kao i pove\u0107anje mogu\u0107nosti za zeleni i odr\u017eivi turizam na revitaliziranim podru\u010djima. Uklju\u010duju\u0107i mjesnu samoupravu u Hrvatskoj, cilj je osna\u017eiti lokalnu vlast te im [&hellip;]<\/p>","protected":false},"author":1,"featured_media":0,"parent":0,"menu_order":0,"comment_status":"closed","ping_status":"closed","template":"blank","meta":{"footnotes":""},"class_list":["post-256","page","type-page","status-publish","hentry"],"_links":{"self":[{"href":"https:\/\/cbr.grad.hr\/hr\/wp-json\/wp\/v2\/pages\/256","targetHints":{"allow":["GET"]}}],"collection":[{"href":"https:\/\/cbr.grad.hr\/hr\/wp-json\/wp\/v2\/pages"}],"about":[{"href":"https:\/\/cbr.grad.hr\/hr\/wp-json\/wp\/v2\/types\/page"}],"author":[{"embeddable":true,"href":"https:\/\/cbr.grad.hr\/hr\/wp-json\/wp\/v2\/users\/1"}],"replies":[{"embeddable":true,"href":"https:\/\/cbr.grad.hr\/hr\/wp-json\/wp\/v2\/comments?post=256"}],"version-history":[{"count":2,"href":"https:\/\/cbr.grad.hr\/hr\/wp-json\/wp\/v2\/pages\/256\/revisions"}],"predecessor-version":[{"id":258,"href":"https:\/\/cbr.grad.hr\/hr\/wp-json\/wp\/v2\/pages\/256\/revisions\/258"}],"wp:attachment":[{"href":"https:\/\/cbr.grad.hr\/hr\/wp-json\/wp\/v2\/media?parent=256"}],"curies":[{"name":"wp","href":"https:\/\/api.w.org\/{rel}","templated":true}]}}