{"id":161,"date":"2023-06-20T11:28:55","date_gmt":"2023-06-20T11:28:55","guid":{"rendered":"https:\/\/cbr.grad.hr\/?page_id=161"},"modified":"2023-07-13T08:26:27","modified_gmt":"2023-07-13T08:26:27","slug":"tvornica-dugi-rat","status":"publish","type":"page","link":"https:\/\/cbr.grad.hr\/hr\/tvornica-dugi-rat\/","title":{"rendered":"Tvornica Dugi Rat"},"content":{"rendered":"<h4 class=\"wp-block-heading has-futura-bold-font-family\">Lokacija<\/h4>\n\n\n\n<p class=\"has-text-align-left .type-post p {text-align: justify; }\"><p style=\"text-align: justify;\">Op\u0107ina Dugi Rat nalazi se na obali Jadranskog mora, pribli\u017eno 15 kilometara jugoisto\u010dno od Splita, a 5 km zapadno od Omi\u0161a. U 3 razli\u010dita naselja, Du\u0107e, Dugi Rat i Jesenice, sveukupno obitava preko 7000 stanovnika, ve\u0107inom orijentiranih na turizam. Zna\u010dajan gospodarski napredak podru\u010dja ostvario se po\u010detkom 20. stolje\u0107a izgradnjom \u201eTvornice\u201c, postrojenja za izradu karbida i cijanamida na Dugom Ratu. Tvornica se nalazila na jugu odnosno rtu naselja Dugi Rat te obuhva\u0107ala je 180 000 m2.<sup>2<\/sup>.<\/p><\/p>\n\n\n\n<figure class=\"wp-block-image size-large\"><img decoding=\"async\" width=\"1024\" height=\"724\" src=\"https:\/\/cbr.grad.hr\/wp-content\/uploads\/2023\/06\/Dugi-rat-1-1024x724.jpg\" alt=\"\" class=\"wp-image-300\" srcset=\"https:\/\/cbr.grad.hr\/wp-content\/uploads\/2023\/06\/Dugi-rat-1-1024x724.jpg 1024w, https:\/\/cbr.grad.hr\/wp-content\/uploads\/2023\/06\/Dugi-rat-1-300x212.jpg 300w, https:\/\/cbr.grad.hr\/wp-content\/uploads\/2023\/06\/Dugi-rat-1-768x543.jpg 768w, https:\/\/cbr.grad.hr\/wp-content\/uploads\/2023\/06\/Dugi-rat-1-1536x1086.jpg 1536w, https:\/\/cbr.grad.hr\/wp-content\/uploads\/2023\/06\/Dugi-rat-1-2048x1448.jpg 2048w, https:\/\/cbr.grad.hr\/wp-content\/uploads\/2023\/06\/Dugi-rat-1-18x12.jpg 18w, https:\/\/cbr.grad.hr\/wp-content\/uploads\/2023\/06\/Dugi-rat-1-scaled.jpg 1920w\" sizes=\"(max-width: 1024px) 100vw, 1024px\" \/><\/figure>\n\n\n\n<h4 class=\"wp-block-heading has-futura-bold-font-family\">Povijest<\/h4>\n\n\n\n<p><p style=\"text-align: justify;\">Povijest Dugog Rata kao naselja neodvojiva je od povijest Tvornice koja je proizvodila karbid i cijanamid. Prethodno izgradnji Tvornice, prostor Dugog Rata kori\u0161ten je za vinogradarstvo od strane stanovnika obli\u017enjih Jesenica. Naime, francuski vinogradi su drugom polovicom 19. stolje\u0107a zna\u010dajno stradali od najezde filoksere, a \u0161to je dalo zamah dalmatinskom vinogradarstvu. Me\u0111utim, kako su se francuski vinogradi krenuli oporavljati koncem 19. stolje\u0107a, potra\u017enja za dalmatinskim vinom je krenula opadati. Jeseni\u010dane, svjesne da se od samo proizvodnje vina ne mo\u017ee \u017eivjeti, ugledni sumje\u0161tanin don Frane Ivani\u0161evi\u0107 uvjerio je da zemlji\u0161ta na Dugom Ratu prodaju za izgradnju Tvornice, te da time osiguraju poslove i obrazovanje za svoju djecu. To se pokazao kao dobar korak \u2013 sljede\u0107ih 100 godina.<\/p><\/p>\n\n\n\n<p><p style=\"text-align: justify;\" class=\" translation-block\">Zemlji\u0161te na Dugom Ratu tako je otkupilo talijansko dru\u0161tvo SUFID, tal. Societa per utilizzazione delle forze idrauliche della Dalmazia, tj. Dru\u0161tvo za kori\u0161tenje vodnih snaga Dalmacije. SUFID je 1912. godine izgradio hidroelektranu u Kraljevcu pored Omi\u0161a, a kako bi opskrbio elektri\u010dnom energijom Tvornicu koja je pu\u0161tena u pogon 1914. godine. Tvornica je bila postrojenje za proizvodnju karbida i cijanamida, a SUFID je imao jo\u0161 jedno postrojenje u Crnici pored \u0160ibenika. Tvornica na Dugom Ratu brojala je 6 pe\u0107i u kojima se na temperaturi 3500 \u00b0C - 4000 \u00b0C talila mje\u0161avina vapna i ugljena i pretvarala u karbid. Samljeveni karbid pod utjecajem du\u0161ika pretvarao se u cijanamid, umjetno gnojivo. Dnevna proizvodnja iznosila je oko 80 tona, a godi\u0161nje oko 25 000 tona cijanamida.<\/p><\/p>\n\n\n\n<figure class=\"wp-block-image aligncenter size-full\"><a href=\"https:\/\/tehnika.lzmk.hr\/dalmacija-tvornica-karbida-i-cijanamida-dugi-rat\/\"><img decoding=\"async\" width=\"505\" height=\"500\" src=\"https:\/\/cbr.grad.hr\/wp-content\/uploads\/2023\/06\/HTE2_0777.jpg\" alt=\"\" class=\"wp-image-163\" srcset=\"https:\/\/cbr.grad.hr\/wp-content\/uploads\/2023\/06\/HTE2_0777.jpg 505w, https:\/\/cbr.grad.hr\/wp-content\/uploads\/2023\/06\/HTE2_0777-300x297.jpg 300w, https:\/\/cbr.grad.hr\/wp-content\/uploads\/2023\/06\/HTE2_0777-150x150.jpg 150w\" sizes=\"(max-width: 505px) 100vw, 505px\" \/><\/a><\/figure>\n\n\n\n<p class=\"has-text-align-center translation-block\"><em>Tvornica karbida i cijanamida u Dugom Ratu, oko 1915. \u2013 Izvor: <a href=\"https:\/\/tehnika.lzmk.hr\/dalmacija-tvornica-karbid\" data-type=\"URL\" data-id=\"https:\/\/tehnika.lzmk.hr\/dalmacija-tvornica-karbid\" target=\"_self\">Hrvatska tehni\u010dka enciklopedija<\/a><\/em><\/p>\n\n\n\n<p><p style=\"text-align: justify;\" class=\" translation-block\">Cijanamid se u sklopu postrojenja mljeo u takozvanoj Crnoj ku\u0107i, neposredno pored spavaonica, a sitni prah razno\u0161en vjetrom od tamo je one\u010di\u0161\u0107avao okoli\u0161. Od spavaonica razvio se Dugi Rat kao naselje. SUFID je koncesiju nad tvornicom izgubio 1929. godine, te je Tvornica pre\u0161la u francusko vlasni\u0161tvo i nastavlja raditi pod imenom La Dalmatienne. Istovremeno Tvornica zna\u010dajno napreduje usprkos gospodarskoj krizi koja ju je kratko usporila. Jako se ula\u017ee i u radni\u010dko naselje te se gradi kino, sportski tereni, kuglana, crkva, pa \u010dak i bolnica zahvaljuju\u0107i djelovanju sindikata. Uz Tvornicu izgradila se i luka za brodove do 30 000 tona zajedno s dvije dizalice, kupovalo se novo zemlji\u0161te za \u0161irenje, nabavljena je nova pe\u0107 za proizvodnju sirovog \u017eeljeza, a jedna od postoje\u0107ih pe\u0107i prenamijenjena je za proizvodnju ferolegura, a tako\u0111er se provodi i plinovod koji je opskrbljivao i stanovnike.<\/p><\/p>\n\n\n\n<p><p style=\"text-align: justify;\">Nakon 2. svjetskog rata postrojenje preuzimaju Talijani, a nakon njih i NDH. U to vrijeme su i Nijemci okupirali Tvornicu, te u njoj postavili mine kako bi postrojenje uni\u0161tili u slu\u010daju povla\u010denja. Sre\u0107om, djelovanjem doma\u0107ih ilegalaca mine su onesposobljene, a Tvornica sa\u010duvana. Nakon Drugog svjetskog rata Tvornica prelazi u dr\u017eavno vlasni\u0161tvo i nastavlja s proizvodnjom karbida i cijanamida te ferolegura, me\u0111utim bez pe\u0107i za sirovo \u017eeljezo. 1952. godine Tvornica gradi vodovod od Suhog Potoka, a od 1953. uvodi se i naplata elektri\u010dne energije stanovni\u0161tvu \u2013 do tada su je dobivali besplatno. 70-tih godina Tvornica prelazi isklju\u010divo na proizvodnju ferolegura zbog jake konkurencije na tr\u017ei\u0161tu umjetnih gnojiva i razvoja petrokemijske industrije, a zbog \u010dega su karbid i cijanamid izgubili na vrijednosti. Do Domovinskog rata Tvornica se, osim ferolegura koje je primarno proizvodila, pro\u0161irila s pogonima za elektromehani\u010dke proizvode u suradnji s tvrtkom Iskra iz Kranja i pogonom za teku\u0107e plinove s Montkemijom iz Zapre\u0161i\u0107a.<\/p><\/p>\n\n\n\n<figure class=\"wp-block-image aligncenter size-full\"><a href=\"https:\/\/dugirat.com\/novosti\/106-arhiva\/\"><img decoding=\"async\" width=\"640\" height=\"422\" src=\"https:\/\/cbr.grad.hr\/wp-content\/uploads\/2023\/06\/stari_dugirat.jpg\" alt=\"\" class=\"wp-image-164\" srcset=\"https:\/\/cbr.grad.hr\/wp-content\/uploads\/2023\/06\/stari_dugirat.jpg 640w, https:\/\/cbr.grad.hr\/wp-content\/uploads\/2023\/06\/stari_dugirat-300x198.jpg 300w\" sizes=\"(max-width: 640px) 100vw, 640px\" \/><\/a><\/figure>\n\n\n\n<p class=\"has-text-align-center\"><em>Postcard from Dugi Rat &#8211; Source: <a href=\"https:\/\/dugirat.com\/novosti\/106-arhiva\/\">Archives of dugirat.com<\/a><\/em><\/p>\n\n\n\n<p><p style=\"text-align: justify;\">Dolaskom Domovinskog rata Tvornica skoro pa prestaje s radom zbog nepouzdanosti u opskrbi elektri\u010dnom energijom. Kraj rata do\u010dekala je samo jedna upaljena tvorni\u010dka pe\u0107 i to uz velike pote\u0161ko\u0107e jer se pogon jedva odr\u017eavao. Tvornica ubrzo odlazi u ste\u010daj, a ste\u010dajna upraviteljica 2003. godine zapo\u010dela je i s ru\u0161enjem Tvornice. Cilj je bio osloboditi zemlji\u0161te za potrebe nove industrije \u2013 turizma. Me\u0111utim dolaskom financijske krize koncem 2000-tih godina planovi naglo staju, a biv\u0161i prostor Tvornice ostaje prazan, zaga\u0111en i neiskori\u0161ten.<\/p><\/p>\n\n\n\n<h4 class=\"wp-block-heading has-futura-bold-font-family\">Problem<\/h4>\n\n\n\n<figure class=\"wp-block-image size-large\"><img decoding=\"async\" width=\"1024\" height=\"768\" src=\"https:\/\/cbr.grad.hr\/wp-content\/uploads\/2023\/06\/20230515_122004-1024x768.jpg\" alt=\"\" class=\"wp-image-165\" srcset=\"https:\/\/cbr.grad.hr\/wp-content\/uploads\/2023\/06\/20230515_122004-1024x768.jpg 1024w, https:\/\/cbr.grad.hr\/wp-content\/uploads\/2023\/06\/20230515_122004-300x225.jpg 300w, https:\/\/cbr.grad.hr\/wp-content\/uploads\/2023\/06\/20230515_122004-768x576.jpg 768w, https:\/\/cbr.grad.hr\/wp-content\/uploads\/2023\/06\/20230515_122004-1536x1152.jpg 1536w, https:\/\/cbr.grad.hr\/wp-content\/uploads\/2023\/06\/20230515_122004.jpg 1920w\" sizes=\"(max-width: 1024px) 100vw, 1024px\" \/><\/figure>\n\n\n\n<p><p style=\"text-align: justify;\">Nakon zatvaranja Tvornice preostao je otpadni materijal, a koji se procjenjuje na 1 670 000 m3 nusprodukata nastalih prilikom taljenja ruda (troska), gra\u0111evinskog otpad, otpadne pra\u0161ine i drugog otpada. Ve\u0107ina otpadnog materijala \u201ezbrinjavala se\u201c odlaganjem u more, stoga je dio otpada pod vodom, izlo\u017een tro\u0161enju djelovanjem mora. Ve\u0107ina dosada\u0161njih ekolo\u0161kih studija nisu u potpunosti konkluzivne te imaju metodolo\u0161kih manjkavosti. Potrebna su dodatna istra\u017eivanja na razli\u010ditim lokacijama cijele Tvornice kako bi se zaklju\u010dilo da udjeli metalnih oksida i te\u0161kih metala (pogotovo kroma) u okoli\u0161u, ali i stope radioaktivnosti na podru\u010dju Tvornice, ne prekora\u010duju propisane vrijednosti. Detaljnijim istra\u017eivanjem utvrdio bi se to\u010dan opseg zaga\u0111enja okoli\u0161a, te stvorili preduvjeti za izradu plana remedijacije odnosno sanacije prostora Tvornice za budu\u0107u namjenu.<\/p><\/p>","protected":false},"excerpt":{"rendered":"<p>Location Municipality of Dugi Rat is located on the coast of the eastern Adriatic, approximately 15 kilometers southeast from Split, and 5 kilometers west of Omi\u0161. The municipality of Dugi Rat includes Jesenice, Dugi Rat and Du\u0107e with more than 7000 residents mostly oriented towards tourism. Significant economic development occurred in the 20th century thanks [&hellip;]<\/p>","protected":false},"author":1,"featured_media":0,"parent":0,"menu_order":0,"comment_status":"closed","ping_status":"closed","template":"","meta":{"footnotes":""},"class_list":["post-161","page","type-page","status-publish","hentry"],"_links":{"self":[{"href":"https:\/\/cbr.grad.hr\/hr\/wp-json\/wp\/v2\/pages\/161","targetHints":{"allow":["GET"]}}],"collection":[{"href":"https:\/\/cbr.grad.hr\/hr\/wp-json\/wp\/v2\/pages"}],"about":[{"href":"https:\/\/cbr.grad.hr\/hr\/wp-json\/wp\/v2\/types\/page"}],"author":[{"embeddable":true,"href":"https:\/\/cbr.grad.hr\/hr\/wp-json\/wp\/v2\/users\/1"}],"replies":[{"embeddable":true,"href":"https:\/\/cbr.grad.hr\/hr\/wp-json\/wp\/v2\/comments?post=161"}],"version-history":[{"count":26,"href":"https:\/\/cbr.grad.hr\/hr\/wp-json\/wp\/v2\/pages\/161\/revisions"}],"predecessor-version":[{"id":386,"href":"https:\/\/cbr.grad.hr\/hr\/wp-json\/wp\/v2\/pages\/161\/revisions\/386"}],"wp:attachment":[{"href":"https:\/\/cbr.grad.hr\/hr\/wp-json\/wp\/v2\/media?parent=161"}],"curies":[{"name":"wp","href":"https:\/\/api.w.org\/{rel}","templated":true}]}}